{"id":936,"date":"2018-06-28T17:51:17","date_gmt":"2018-06-28T20:51:17","guid":{"rendered":"https:\/\/ens40-sfe.infd.edu.ar\/sitio\/normas-apa\/"},"modified":"2026-03-06T21:59:21","modified_gmt":"2026-03-07T00:59:21","slug":"normas-apa","status":"publish","type":"page","link":"https:\/\/ens40-sfe.infd.edu.ar\/sitio\/normas-apa\/","title":{"rendered":"CURSO PROPED\u00c9UTICO 2026"},"content":{"rendered":"\n<figure class=\"wp-block-image aligncenter is-resized\"><img decoding=\"async\" loading=\"lazy\" src=\"https:\/\/ens40-sfe.infd.edu.ar\/aula\/archivos\/repositorio\/\/4250\/4273\/Propedeutico_P1.jpeg\" alt=\"Imagen \ninicio Propedeutico 2026\" width=\"400\" height=\"400\"\/><\/figure>\n\n\n\n<hr class=\"wp-block-separator has-text-color has-vivid-cyan-blue-color has-css-opacity has-vivid-cyan-blue-background-color has-background is-style-wide\"\/>\n\n\n\n<h3 class=\"wp-block-heading has-text-align-center has-vivid-cyan-blue-color has-text-color\"><strong>MATERIAL PARA EL INGRESO AL NIVEL SUPERIOR A\u00d1O 202<\/strong>6<\/h3>\n\n\n\n<hr class=\"wp-block-separator has-text-color has-vivid-cyan-blue-color has-css-opacity has-vivid-cyan-blue-background-color has-background is-style-wide\"\/>\n\n\n\n<h4 class=\"wp-block-heading has-text-align-center\">Utilizaci\u00f3n del correo electr\u00f3nico<\/h4>\n\n\n\n<h5 class=\"wp-block-heading\">\u00bfC\u00f3mo crear un correo electr\u00f3nico desde mi computadora?<\/h5>\n\n\n\n<figure class=\"wp-block-embed is-type-video is-provider-youtube wp-block-embed-youtube wp-embed-aspect-16-9 wp-has-aspect-ratio\"><div class=\"wp-block-embed__wrapper\">\n<iframe loading=\"lazy\" title=\"\u2705 C\u00f3mo CREAR una CUENTA de GMAIL nueva\" width=\"1200\" height=\"675\" src=\"https:\/\/www.youtube.com\/embed\/1DCZXDNtj40?feature=oembed\" frameborder=\"0\" allow=\"accelerometer; autoplay; clipboard-write; encrypted-media; gyroscope; picture-in-picture; web-share\" referrerpolicy=\"strict-origin-when-cross-origin\" allowfullscreen><\/iframe>\n<\/div><\/figure>\n\n\n\n<h5 class=\"wp-block-heading\">\u00bfC\u00f3mo crear un correo electr\u00f3nico desde mi celular?<\/h5>\n\n\n\n<figure class=\"wp-block-embed is-type-video is-provider-youtube wp-block-embed-youtube wp-embed-aspect-16-9 wp-has-aspect-ratio\"><div class=\"wp-block-embed__wrapper\">\n<iframe loading=\"lazy\" title=\"Crear GMAIL desde mi Celular \/ M\u00f3vil \u2705 [ sin a\u00f1adir n\u00famero de tel\u00e9fono ]\" width=\"1200\" height=\"675\" src=\"https:\/\/www.youtube.com\/embed\/8si7SyYxX_E?feature=oembed\" frameborder=\"0\" allow=\"accelerometer; autoplay; clipboard-write; encrypted-media; gyroscope; picture-in-picture; web-share\" referrerpolicy=\"strict-origin-when-cross-origin\" allowfullscreen><\/iframe>\n<\/div><\/figure>\n\n\n\n<h5 class=\"wp-block-heading\">\u00bfC\u00f3mo utilizar el correo electr\u00f3nico?<\/h5>\n\n\n\n<iframe loading=\"lazy\" width=\"560\" height=\"315\" src=\"https:\/\/www.youtube.com\/embed\/2AHXar82iL0?si=JQ6KjqQT3U0dC3h3\" title=\"YouTube video player\" frameborder=\"0\" allow=\"accelerometer; autoplay; clipboard-write; encrypted-media; gyroscope; picture-in-picture; web-share\" referrerpolicy=\"strict-origin-when-cross-origin\" allowfullscreen><\/iframe>\n\n\n\n<hr class=\"wp-block-separator has-text-color has-vivid-cyan-blue-color has-css-opacity has-vivid-cyan-blue-background-color has-background alignwide\"\/>\n\n\n\n<h4 class=\"wp-block-heading has-text-align-center\"><strong>NORMAS APA PARA TODAS LAS CARRERAS<\/strong><\/h4>\n\n\n\n<h5 class=\"wp-block-heading\">Textos, m\u00e1rgenes y paginado<\/h5>\n\n\n\n<iframe loading=\"lazy\" width=\"560\" height=\"315\" src=\"https:\/\/www.youtube.com\/embed\/XjG8QsTNBZw?si=Tnfv0L05YASs1u1U\" title=\"YouTube video player\" frameborder=\"0\" allow=\"accelerometer; autoplay; clipboard-write; encrypted-media; gyroscope; picture-in-picture; web-share\" referrerpolicy=\"strict-origin-when-cross-origin\" allowfullscreen><\/iframe>\n\n\n\n<h5 class=\"wp-block-heading\">Citas y Referencias<\/h5>\n\n\n\n<iframe loading=\"lazy\" width=\"560\" height=\"315\" src=\"https:\/\/www.youtube.com\/embed\/m09MGyFfvTU?si=C-FSta_RlJaRlSOa\" title=\"YouTube video player\" frameborder=\"0\" allow=\"accelerometer; autoplay; clipboard-write; encrypted-media; gyroscope; picture-in-picture; web-share\" referrerpolicy=\"strict-origin-when-cross-origin\" allowfullscreen><\/iframe>\n\n\n\n<p class=\"has-text-align-center\"><strong><span style=\"font-size: 12pt;\"><br><\/span><\/strong><\/p>\n\n\n\n<p class=\"has-text-align-center\"><span class=\"LinkModi\"><strong><span style=\"font-family: arial,helvetica,sans-serif; font-size: 12pt;\">&nbsp;<\/span><\/strong><\/span><\/p>\n","protected":false},"excerpt":{"rendered":"<p>MATERIAL PARA EL INGRESO AL NIVEL SUPERIOR A\u00d1O 2026 Utilizaci\u00f3n del correo electr\u00f3nico \u00bfC\u00f3mo crear un correo electr\u00f3nico desde mi computadora? \u00bfC\u00f3mo crear un correo electr\u00f3nico desde mi celular? \u00bfC\u00f3mo utilizar el correo electr\u00f3nico? NORMAS APA PARA TODAS LAS CARRERAS Textos, m\u00e1rgenes y paginado Citas y Referencias &nbsp;<\/p>\n","protected":false},"author":805,"featured_media":0,"parent":0,"menu_order":0,"comment_status":"closed","ping_status":"closed","template":"","meta":[],"acf":[],"_links":{"self":[{"href":"https:\/\/ens40-sfe.infd.edu.ar\/sitio\/wp-json\/wp\/v2\/pages\/936"}],"collection":[{"href":"https:\/\/ens40-sfe.infd.edu.ar\/sitio\/wp-json\/wp\/v2\/pages"}],"about":[{"href":"https:\/\/ens40-sfe.infd.edu.ar\/sitio\/wp-json\/wp\/v2\/types\/page"}],"author":[{"embeddable":true,"href":"https:\/\/ens40-sfe.infd.edu.ar\/sitio\/wp-json\/wp\/v2\/users\/805"}],"replies":[{"embeddable":true,"href":"https:\/\/ens40-sfe.infd.edu.ar\/sitio\/wp-json\/wp\/v2\/comments?post=936"}],"version-history":[{"count":29,"href":"https:\/\/ens40-sfe.infd.edu.ar\/sitio\/wp-json\/wp\/v2\/pages\/936\/revisions"}],"predecessor-version":[{"id":2039,"href":"https:\/\/ens40-sfe.infd.edu.ar\/sitio\/wp-json\/wp\/v2\/pages\/936\/revisions\/2039"}],"wp:attachment":[{"href":"https:\/\/ens40-sfe.infd.edu.ar\/sitio\/wp-json\/wp\/v2\/media?parent=936"}],"curies":[{"name":"wp","href":"https:\/\/api.w.org\/{rel}","templated":true}]}}