{"id":921,"date":"2018-06-28T17:51:11","date_gmt":"2018-06-28T20:51:11","guid":{"rendered":"https:\/\/ens40-sfe.infd.edu.ar\/sitio\/tecnico-superior-en-desarrollo-de-software-nueva-carrera\/"},"modified":"2026-03-10T11:37:57","modified_gmt":"2026-03-10T14:37:57","slug":"tecnico-superior-en-desarrollo-de-software-nueva-carrera","status":"publish","type":"page","link":"https:\/\/ens40-sfe.infd.edu.ar\/sitio\/tecnico-superior-en-desarrollo-de-software-nueva-carrera\/","title":{"rendered":"T\u00e9cnico Superior en Desarrollo de Software          (NUEVA CARRERA)"},"content":{"rendered":"<h4><strong><span style=\"color: #808080;\"><u>Duraci\u00f3n de la carrera<\/u>:<\/span> 3 A\u00f1os<\/strong><\/h4>\n<h4><span style=\"color: #808080;\"><strong><u>T\u00edtulo a otorgar<\/u>: <\/strong><\/span>T\u00e9cnico Superior en Desarrollo de Software<\/h4>\n\n\n<p><\/p>\n\n\n\n<figure class=\"wp-block-image size-large\"><img decoding=\"async\" src=\"https:\/\/ens40-sfe.infd.edu.ar\/aula\/archivos\/repositorio\/\/4250\/4270\/Software_Tecnicatura.jpg\" alt=\"\"\/><\/figure>\n\n\n\n<p><\/p>\n\n\n\n<h5 class=\"wp-block-heading has-text-align-center\"><strong><a href=\"https:\/\/ens40-sfe.infd.edu.ar\/aula\/archivos\/repositorio\/\/4250\/4267\/Tecnicatura_en_Desarrollo_de_Software.pdf\" target=\"_blank\" rel=\"noreferrer noopener\"><u>Dise\u00f1o Curricular de la carrera T\u00e9cnicatura Superior en Desarrollo de Software<\/u><\/a><\/strong><\/h5>\n\n\n\n<p class=\"has-text-align-center\"><strong><em>(Hacer Clic&nbsp; para descargar el dise\u00f1o curricular de la carrera)<\/em><\/strong><\/p>\n\n\n\n<p><\/p>\n","protected":false},"excerpt":{"rendered":"<p>Duraci\u00f3n de la carrera: 3 A\u00f1os T\u00edtulo a otorgar: T\u00e9cnico Superior en Desarrollo de Software Dise\u00f1o Curricular de la carrera T\u00e9cnicatura Superior en Desarrollo de Software (Hacer Clic&nbsp; para descargar el dise\u00f1o curricular de la carrera)<\/p>\n","protected":false},"author":16,"featured_media":0,"parent":0,"menu_order":0,"comment_status":"closed","ping_status":"closed","template":"","meta":[],"acf":[],"_links":{"self":[{"href":"https:\/\/ens40-sfe.infd.edu.ar\/sitio\/wp-json\/wp\/v2\/pages\/921"}],"collection":[{"href":"https:\/\/ens40-sfe.infd.edu.ar\/sitio\/wp-json\/wp\/v2\/pages"}],"about":[{"href":"https:\/\/ens40-sfe.infd.edu.ar\/sitio\/wp-json\/wp\/v2\/types\/page"}],"author":[{"embeddable":true,"href":"https:\/\/ens40-sfe.infd.edu.ar\/sitio\/wp-json\/wp\/v2\/users\/16"}],"replies":[{"embeddable":true,"href":"https:\/\/ens40-sfe.infd.edu.ar\/sitio\/wp-json\/wp\/v2\/comments?post=921"}],"version-history":[{"count":40,"href":"https:\/\/ens40-sfe.infd.edu.ar\/sitio\/wp-json\/wp\/v2\/pages\/921\/revisions"}],"predecessor-version":[{"id":2081,"href":"https:\/\/ens40-sfe.infd.edu.ar\/sitio\/wp-json\/wp\/v2\/pages\/921\/revisions\/2081"}],"wp:attachment":[{"href":"https:\/\/ens40-sfe.infd.edu.ar\/sitio\/wp-json\/wp\/v2\/media?parent=921"}],"curies":[{"name":"wp","href":"https:\/\/api.w.org\/{rel}","templated":true}]}}