{"id":901,"date":"2018-06-28T17:50:59","date_gmt":"2018-06-28T20:50:59","guid":{"rendered":"https:\/\/ens40-sfe.infd.edu.ar\/sitio\/plan-de-estudios-6\/"},"modified":"2026-03-10T11:35:08","modified_gmt":"2026-03-10T14:35:08","slug":"plan-de-estudios-6","status":"publish","type":"page","link":"https:\/\/ens40-sfe.infd.edu.ar\/sitio\/plan-de-estudios-6\/","title":{"rendered":"Plan de Estudios"},"content":{"rendered":"<p><span style=\"font-size: 12pt;\"><span style=\"font-family: verdana,geneva;\"><strong><span style=\"text-decoration: underline;\">Duraci\u00f3n de la carrera:<\/span><\/strong> 4 a\u00f1os<\/span> <\/span><\/p>\n<p><span style=\"font-size: 12pt;\"><span style=\"font-family: verdana,geneva;\"><span style=\"text-decoration: underline;\"><strong>T\u00edtulo a otorgar:<\/strong><\/span> Profesor\/a de Educaci\u00f3n Primaria<\/span><\/span><\/p>\n<p style=\"text-align: justify;\"><span style=\"font-size: 12pt;\"><span style=\"font-family: verdana,geneva;\"><strong><span style=\"text-decoration: underline;\">Prop\u00f3sitos:<\/span><\/strong> T\u00edtulo docente para desempe\u00f1arse en todos los a\u00f1os de la Educaci\u00f3n Primaria.<\/span><\/span><\/p>\n<p style=\"text-align: center;\">\u00a0<span style=\"font-size: 12pt;\"><br \/>\n<\/span><span style=\"text-decoration: underline;\"><a href=\"https:\/\/ens40-sfe.infd.edu.ar\/aula\/archivos\/repositorio\/\/4250\/4280\/Disen_oCurricular_Primaria.pdf\" target=\"_blank\" rel=\"noopener\">Dise\u00f1o Curricular de la Carrera de Profesorado de Educaci\u00f3n Primaria<\/a><br \/>\n<\/span><\/p>\n<p style=\"text-align: center;\"><strong><span style=\"color: #000000;\"><em><span style=\"font-size: 12pt;\">(Hacer Clic en el enlace para descargar el dise\u00f1o curricular de la carrera)<\/span><\/em><\/span><\/strong><\/p>\n<p style=\"text-align: center;\"><span style=\"font-family: verdana,geneva;\"><span style=\"font-size: 10pt;\">Inscripci\u00f3n e Informes<br \/>\nEn Secretaria del Nivel Superior<br \/>\nEscuela Normal Superior N\u00ba 40 \u201cMariano Moreno\u201d<br \/>\nJ.M. Bullo 1402- 3070 San Crist\u00f3bal Tel. Fax 03408-422447<br \/>\nHorario 18.00 a 21.00<\/span><\/span><\/p>\n","protected":false},"excerpt":{"rendered":"<p>Duraci\u00f3n de la carrera: 4 a\u00f1os T\u00edtulo a otorgar: Profesor\/a de Educaci\u00f3n Primaria Prop\u00f3sitos: T\u00edtulo docente para desempe\u00f1arse en todos los a\u00f1os de la Educaci\u00f3n Primaria. \u00a0 Dise\u00f1o Curricular de la Carrera de Profesorado de Educaci\u00f3n Primaria (Hacer Clic en el enlace para descargar el dise\u00f1o curricular de la carrera) Inscripci\u00f3n e Informes En Secretaria &#8230; <a title=\"Plan de Estudios\" class=\"read-more\" href=\"https:\/\/ens40-sfe.infd.edu.ar\/sitio\/plan-de-estudios-6\/\" aria-label=\"More on Plan de Estudios\">[+]<\/a><\/p>\n","protected":false},"author":16,"featured_media":0,"parent":0,"menu_order":0,"comment_status":"closed","ping_status":"closed","template":"","meta":[],"acf":[],"_links":{"self":[{"href":"https:\/\/ens40-sfe.infd.edu.ar\/sitio\/wp-json\/wp\/v2\/pages\/901"}],"collection":[{"href":"https:\/\/ens40-sfe.infd.edu.ar\/sitio\/wp-json\/wp\/v2\/pages"}],"about":[{"href":"https:\/\/ens40-sfe.infd.edu.ar\/sitio\/wp-json\/wp\/v2\/types\/page"}],"author":[{"embeddable":true,"href":"https:\/\/ens40-sfe.infd.edu.ar\/sitio\/wp-json\/wp\/v2\/users\/16"}],"replies":[{"embeddable":true,"href":"https:\/\/ens40-sfe.infd.edu.ar\/sitio\/wp-json\/wp\/v2\/comments?post=901"}],"version-history":[{"count":5,"href":"https:\/\/ens40-sfe.infd.edu.ar\/sitio\/wp-json\/wp\/v2\/pages\/901\/revisions"}],"predecessor-version":[{"id":2079,"href":"https:\/\/ens40-sfe.infd.edu.ar\/sitio\/wp-json\/wp\/v2\/pages\/901\/revisions\/2079"}],"wp:attachment":[{"href":"https:\/\/ens40-sfe.infd.edu.ar\/sitio\/wp-json\/wp\/v2\/media?parent=901"}],"curies":[{"name":"wp","href":"https:\/\/api.w.org\/{rel}","templated":true}]}}