{"id":895,"date":"2018-06-28T17:50:57","date_gmt":"2018-06-28T20:50:57","guid":{"rendered":"https:\/\/ens40-sfe.infd.edu.ar\/sitio\/administracion-de-empresas\/"},"modified":"2020-04-04T08:59:58","modified_gmt":"2020-04-04T11:59:58","slug":"administracion-de-empresas","status":"publish","type":"page","link":"https:\/\/ens40-sfe.infd.edu.ar\/sitio\/biblioteca\/administracion-de-empresas\/","title":{"rendered":"Administraci\u00f3n de Empresas"},"content":{"rendered":"<p>Cat\u00e1logo<\/p>\n<ul>\n<li><strong>Bavera, Ma. J. y otros:<\/strong> \u201cAgricultura y Ganader\u00eda: ganancias &#8211; valor agregado\u201d.- Ed. Errepar.- 5\u00ba ed.<\/li>\n<li><strong>Bilbao, Alicia y otros:<\/strong> \u201cCasos contables: temas de finales cerrados\u2026 y abiertos\u201d.- Ed. O. Buyatti.<\/li>\n<li><strong>Biondi, Mario:<\/strong>\u00a0 \u201cEstados contables: presentaci\u00f3n, interpretaci\u00f3n y an\u00e1lisis\u201d.- Ed. Errepar.- 4\u00ba ed.<\/li>\n<li><strong>Biondi, Mario:<\/strong>\u00a0 \u201cLa contabilidad, un sistema de informaci\u00f3n\u201d.- Ed. Errepar.- 1\u00ba ed.<\/li>\n<li><strong>Cerchiara, C. y otros:<\/strong>\u00a0 \u201cRetenciones y percepciones: ganancias &#8211; valor agregado \u2013 otros\u201d.- Ed. Errepar.- 1\u00ba ed.<\/li>\n<li><strong>Di Lonardo, G. y Stamato, S.:<\/strong> \u201cEl ABC del gerenciamiento\u201d.- Ed. O. Buyatti.- 2\u00ba ed.<\/li>\n<li><strong>Dur\u00e1n, Regina y otros:<\/strong>\u00a0 \u201cEl gerenciamiento agropecuario en el siglo XXI\u201d.- Ed. O. Buyatti.- 2\u00ba ed.<\/li>\n<li><strong>Fern\u00e1ndez, Mariela:<\/strong>\u00a0 \u201cCostos\u201d.- Ed. Errepar.- 2\u00ba ed.<\/li>\n<li><strong>Fern\u00e1ndez, N\u00e9stor:<\/strong>\u00a0 \u201cFunciones financieras de Excel\u201d.- Ed. Errepar.- 2\u00ba ed.<\/li>\n<li><strong>Gim\u00e9nez, C. (coord.):<\/strong>\u00a0 \u201cDecisiones en la gesti\u00f3n de costos para crear valor\u201d.- Ed. Errepar.- 1\u00ba ed.<\/li>\n<li><strong>Kapla, Robert y Norton, David:<\/strong> \u201cThe execution premium\u201d.- Ed. Temas.- 1\u00ba ed.<\/li>\n<li><strong>Kotler, Philip y Armstrong, Gary:<\/strong>\u00a0 \u201cFundamentos de Marketing\u201d.- Ed. Pearson.- 8\u00ba ed.<\/li>\n<li><strong>Mitjans Herrero, S.:<\/strong>\u00a0 \u201cECO: Estudios Cr\u00edticos sobre Organizaci\u00f3n\u201d.- Ed. Temas.- 1\u00ba ed.<\/li>\n<li><strong>Onitcanschi, Guillermo:<\/strong> \u201cEvaluaci\u00f3n financiera de proyectos de inversi\u00f3n\u201d.- Ed. Errepar.<\/li>\n<li><strong>Ostengo, H\u00e9ctor:<\/strong>\u00a0 \u201cC\u00f3mo hacer un Estado de Flujo de Efectivo\u201d.- Ed. O. Buyatti.- 1\u00ba ed.<\/li>\n<li><strong>Ostengo, H\u00e9ctor:<\/strong>\u00a0 \u201cEl sistema de informaci\u00f3n contable.- Ed. O. Buyatti\u201d.- 1\u00ba ed. (2 ejemplares)<\/li>\n<li><strong>Parada, Ricardo y otros (Comp.):<\/strong>\u00a0 \u201cFacturaci\u00f3n y Registraci\u00f3n: separatas de legislaci\u00f3n\u201d.- Ed. Errepar.- 1\u00ba ed.<\/li>\n<li><strong>Parada, Ricardo y otros (Comp.):<\/strong>\u00a0 \u201cImpuestos internos: separatas de legislaci\u00f3n\u201d.- Ed. Errepar.- 1\u00ba ed.<\/li>\n<li><strong>Paulone, H\u00e9ctor y Veiras, Alberto:<\/strong>\u00a0 \u201cMedici\u00f3n de estados contables\u201d.- Ed. Errepar.- 1\u00ba ed.<\/li>\n<li><strong>Paulone, H\u00e9ctor y Veiras, Alberto<\/strong>:\u00a0 \u201cPresentaci\u00f3n de estados contables\u201d.- Ed. Errepar.- 3\u00ba ed.<\/li>\n<li><strong>Perciavalle, M. y Y\u00f3dice, A.:<\/strong> \u201cLey de Sociedades Comerciales comentada\u201d.- Ed. Errepar.- 1\u00ba ed.<\/li>\n<li><strong>Petti, Ana Mar\u00eda y Longhi, Paula:<\/strong>\u00a0 \u201cContabilidad patrimonial\u201d.- Ed. O. Buyatti.- 2\u00ba ed.<\/li>\n<li><strong>Rodr\u00edguez, G.:<\/strong> \u201cResultados financieros: tratamiento en un contexto inflacionario\u201d.- Ed. O. Buyatti.<\/li>\n<li><strong>Santesmases Mestre, M. y otros:<\/strong>\u00a0 \u201cMarketing: conceptos y estrategias\u201d.- Ed. Pir\u00e1mide.- 2\u00ba ed.<\/li>\n<li><strong>Sapag Chain, N. y Sapag Chain, R.:<\/strong> \u201cPreparaci\u00f3n y evaluaci\u00f3n de proyectos\u201d.- Ed. McGraw Hill.- 4\u00ba ed.<\/li>\n<li><strong>Sapag Chain, Nassir:<\/strong>\u00a0 \u201cProyectos de inversi\u00f3n: formulaci\u00f3n y evaluaci\u00f3n\u201d.- Ed. Pearson.- 2\u00ba ed.<\/li>\n<li><strong>Semyraz, Daniel:<\/strong> \u201c Preparaci\u00f3n y evaluaci\u00f3n de Proyectos de Inversi\u00f3n\u201d.- Ed. O. Buyatti.- 1\u00ba ed.<\/li>\n<li><strong>Sirena, J. L. y De Luca, L.:<\/strong>\u00a0 \u201cRemuneraciones e indemnizaciones: liquidaciones\u201d.- Ed. Errepar.- 10\u00ba ed.<\/li>\n<li><strong>Sirena, Jos\u00e9 Luis:<\/strong>\u00a0 \u201cAut\u00f3nomos\u201d.- Ed. Errepar.- 1\u00ba ed.<\/li>\n<li><strong>Sirena, Jos\u00e9 Luis:<\/strong>\u00a0 \u201cRemuneraciones: retenciones de 4\u00ba categor\u00eda\u201d.- Ed. Errepar.- 2\u00ba ed.<\/li>\n<li><strong>Spina, Carlos y otros:<\/strong> \u201cCu\u00e1nto vale realmente una empresa\u201d.- Ed. O. Buyatti.- 3\u00ba ed.<\/li>\n<li><strong>Telese, Miguel:<\/strong>\u00a0 \u201cHaciendo contabilidad\u201d.- Ed. O. Buyatti.- 2\u00ba ed.<\/li>\n<li><strong>V\u00e1zquez, R. y otra:<\/strong> \u201cLos intangibles y la contabilidad\u201d.- Ed. Errepar.- 1\u00ba ed.<\/li>\n<\/ul>\n<p>&nbsp;<\/p>\n<p>&nbsp;<\/p>\n<p>&nbsp;<\/p>\n<p>&nbsp;<\/p>\n","protected":false},"excerpt":{"rendered":"<p>Cat\u00e1logo Bavera, Ma. J. y otros: \u201cAgricultura y Ganader\u00eda: ganancias &#8211; valor agregado\u201d.- Ed. Errepar.- 5\u00ba ed. Bilbao, Alicia y otros: \u201cCasos contables: temas de finales cerrados\u2026 y abiertos\u201d.- Ed. O. Buyatti. Biondi, Mario:\u00a0 \u201cEstados contables: presentaci\u00f3n, interpretaci\u00f3n y an\u00e1lisis\u201d.- Ed. Errepar.- 4\u00ba ed. Biondi, Mario:\u00a0 \u201cLa contabilidad, un sistema de informaci\u00f3n\u201d.- Ed. Errepar.- 1\u00ba &#8230; <a title=\"Administraci\u00f3n de Empresas\" class=\"read-more\" href=\"https:\/\/ens40-sfe.infd.edu.ar\/sitio\/biblioteca\/administracion-de-empresas\/\" aria-label=\"More on Administraci\u00f3n de Empresas\">[+]<\/a><\/p>\n","protected":false},"author":16,"featured_media":0,"parent":816,"menu_order":0,"comment_status":"closed","ping_status":"closed","template":"","meta":[],"acf":[],"_links":{"self":[{"href":"https:\/\/ens40-sfe.infd.edu.ar\/sitio\/wp-json\/wp\/v2\/pages\/895"}],"collection":[{"href":"https:\/\/ens40-sfe.infd.edu.ar\/sitio\/wp-json\/wp\/v2\/pages"}],"about":[{"href":"https:\/\/ens40-sfe.infd.edu.ar\/sitio\/wp-json\/wp\/v2\/types\/page"}],"author":[{"embeddable":true,"href":"https:\/\/ens40-sfe.infd.edu.ar\/sitio\/wp-json\/wp\/v2\/users\/16"}],"replies":[{"embeddable":true,"href":"https:\/\/ens40-sfe.infd.edu.ar\/sitio\/wp-json\/wp\/v2\/comments?post=895"}],"version-history":[{"count":4,"href":"https:\/\/ens40-sfe.infd.edu.ar\/sitio\/wp-json\/wp\/v2\/pages\/895\/revisions"}],"predecessor-version":[{"id":1359,"href":"https:\/\/ens40-sfe.infd.edu.ar\/sitio\/wp-json\/wp\/v2\/pages\/895\/revisions\/1359"}],"up":[{"embeddable":true,"href":"https:\/\/ens40-sfe.infd.edu.ar\/sitio\/wp-json\/wp\/v2\/pages\/816"}],"wp:attachment":[{"href":"https:\/\/ens40-sfe.infd.edu.ar\/sitio\/wp-json\/wp\/v2\/media?parent=895"}],"curies":[{"name":"wp","href":"https:\/\/api.w.org\/{rel}","templated":true}]}}