{"id":840,"date":"2018-06-28T17:50:32","date_gmt":"2018-06-28T20:50:32","guid":{"rendered":"https:\/\/ens40-sfe.infd.edu.ar\/sitio\/plan-de-estudios\/"},"modified":"2026-03-10T12:30:42","modified_gmt":"2026-03-10T15:30:42","slug":"plan-de-estudios","status":"publish","type":"page","link":"https:\/\/ens40-sfe.infd.edu.ar\/sitio\/plan-de-estudios\/","title":{"rendered":"Plan de Estudios"},"content":{"rendered":"<p><strong>Dise\u00f1o Curricular Actual de la Carrera<\/strong>: <a href=\"https:\/\/ens40-sfe.infd.edu.ar\/aula\/archivos\/repositorio\/\/4000\/4021\/2016_RM_2090-_15_ANEXO_II_Biologia.pdf\" target=\"_blank\" rel=\"noopener\">PROFESORADO DE EDUCACI\u00d3N SECUNDARIA EN BIOLOG\u00cdA<\/a> (Clic para descargar)<\/p>\n<h2>&nbsp;<\/h2>\n<h3>Plan de Estudios Anterior<\/h3>\n<p><span style=\"font-size: 12pt;\"><span style=\"font-family: verdana,geneva;\"><strong><span style=\"text-decoration: underline;\">Duraci\u00f3n de la carrera:<\/span><\/strong> 4 a\u00f1os<\/span><\/span><\/p>\n<p><span style=\"font-size: 12pt;\"><span style=\"font-family: verdana,geneva;\"><span style=\"text-decoration: underline;\"><strong>T\u00edtulo a otorgar:<\/strong><\/span> Profesor para el 3er Ciclo de la E.G.B. y Educaci\u00f3n Polimodal en Biolog\u00eda<\/span><\/span><\/p>\n<p><span style=\"font-size: 12pt;\"><span style=\"font-family: verdana,geneva;\"><strong><span style=\"text-decoration: underline;\">Campo ocupacional<\/span><\/strong><br \/>\nLos egresados est\u00e1n habilitados para desempe\u00f1arse como:<br \/>\n<\/span><\/span><\/p>\n<ul>\n<li><span style=\"font-family: verdana,geneva; font-size: 12pt;\">Profesores en los niveles mencionados, tanto en la Ense\u00f1anza Oficial como Privada, en todo el territorio Nacional<br \/>\n<\/span><\/li>\n<li><span style=\"font-family: verdana,geneva; font-size: 12pt;\">Auxiliar Docente en esos establecimientos.<br \/>\n<\/span><\/li>\n<\/ul>\n<p><span style=\"font-size: 12pt;\"><span style=\"font-family: verdana,geneva;\"><strong><span style=\"text-decoration: underline;\">1er a\u00f1o<br \/>\n<\/span><\/strong>Pedagog\u00eda<br \/>\nTeor\u00eda del curr\u00edculum y Did\u00e1ctica<br \/>\nPsicolog\u00eda Evolutiva<br \/>\nMatem\u00e1tica<br \/>\nF\u00edsica General y Biol\u00f3gica<br \/>\nQu\u00edmica General y Biol\u00f3gica<br \/>\nBiolog\u00eda I<br \/>\nTrayecto de Pr\u00e1ctica. Taller de Docencia I<\/span><\/span><\/p>\n<p><span style=\"font-family: verdana,geneva;\"><strong><span style=\"text-decoration: underline;\">2do a\u00f1o<br \/>\n<\/span><\/strong>Pol\u00edtica e Historia Educ.Argentina (cuatrimestral)<br \/>\nOrganizaci\u00f3n y Gesti\u00f3n Institucional (cuatrimestral)<br \/>\nPsicolog\u00eda y Cultura .del Alumno<br \/>\nGeolog\u00eda<br \/>\nGen\u00e9tica<br \/>\nBiolog\u00eda II<br \/>\nMicrobiolog\u00eda y Micolog\u00eda<br \/>\nE.C.O.<br \/>\nTrayecto de Pr\u00e1ctica . Taller de Docencia II<\/span><\/p>\n<p><span style=\"font-family: verdana,geneva;\"><strong><span style=\"text-decoration: underline;\">3er a\u00f1o<\/span><br \/>\n<\/strong>Filosof\u00eda<br \/>\nBiolog\u00eda Animal y Vegetal<br \/>\nBiolog\u00eda Humana<br \/>\nEcolog\u00eda y Gen\u00e9tica Poblacional<br \/>\nTaller de Integraci\u00f3n Areal<br \/>\nBioestad\u00edstica<br \/>\nDid.Especial de las Cs.Naturales y de la Biolog\u00eda<br \/>\nTaller de Pr\u00e1ctica . Taller de Docencia III<\/span><\/p>\n<p><span style=\"font-family: verdana,geneva;\"><span style=\"text-decoration: underline;\"><strong>4to A\u00f1o<\/strong><\/span><br \/>\nEtica Profesional<br \/>\nSistem\u00e1tica Animal y Vegetal<br \/>\nEpistemolog\u00eda<br \/>\nEvoluci\u00f3n<br \/>\nEducaci\u00f3n para la salud<br \/>\nE.D.I<br \/>\nTrayecto de Pr\u00e1ctica. Taller de Docencia IV .<br \/>\nTrayecto de Pr\u00e1ctica . Seminario de Integraci\u00f3n y S\u00edntesis.<br \/>\n<\/span><\/p>\n<p><span style=\"font-family: verdana,geneva;\"><span style=\"font-size: 10pt;\">Inscripci\u00f3n e Informes<br \/>\nEn Secretaria del Nivel Superior<br \/>\nEscuela Normal Superior N\u00ba 40 \u201cMariano Moreno\u201d<br \/>\nJ.M. Bullo 1402- 3070 San Crist\u00f3bal Tel. Fax 03408-422447<br \/>\nHorario 18.00 a 21.00<br \/>\n<\/span><br \/>\n<\/span><\/p>\n","protected":false},"excerpt":{"rendered":"<p>Dise\u00f1o Curricular Actual de la Carrera: PROFESORADO DE EDUCACI\u00d3N SECUNDARIA EN BIOLOG\u00cdA (Clic para descargar) &nbsp; Plan de Estudios Anterior Duraci\u00f3n de la carrera: 4 a\u00f1os T\u00edtulo a otorgar: Profesor para el 3er Ciclo de la E.G.B. y Educaci\u00f3n Polimodal en Biolog\u00eda Campo ocupacional Los egresados est\u00e1n habilitados para desempe\u00f1arse como: Profesores en los niveles &#8230; <a title=\"Plan de Estudios\" class=\"read-more\" href=\"https:\/\/ens40-sfe.infd.edu.ar\/sitio\/plan-de-estudios\/\" aria-label=\"More on Plan de Estudios\">[+]<\/a><\/p>\n","protected":false},"author":16,"featured_media":0,"parent":0,"menu_order":0,"comment_status":"closed","ping_status":"closed","template":"","meta":[],"acf":[],"_links":{"self":[{"href":"https:\/\/ens40-sfe.infd.edu.ar\/sitio\/wp-json\/wp\/v2\/pages\/840"}],"collection":[{"href":"https:\/\/ens40-sfe.infd.edu.ar\/sitio\/wp-json\/wp\/v2\/pages"}],"about":[{"href":"https:\/\/ens40-sfe.infd.edu.ar\/sitio\/wp-json\/wp\/v2\/types\/page"}],"author":[{"embeddable":true,"href":"https:\/\/ens40-sfe.infd.edu.ar\/sitio\/wp-json\/wp\/v2\/users\/16"}],"replies":[{"embeddable":true,"href":"https:\/\/ens40-sfe.infd.edu.ar\/sitio\/wp-json\/wp\/v2\/comments?post=840"}],"version-history":[{"count":12,"href":"https:\/\/ens40-sfe.infd.edu.ar\/sitio\/wp-json\/wp\/v2\/pages\/840\/revisions"}],"predecessor-version":[{"id":2093,"href":"https:\/\/ens40-sfe.infd.edu.ar\/sitio\/wp-json\/wp\/v2\/pages\/840\/revisions\/2093"}],"wp:attachment":[{"href":"https:\/\/ens40-sfe.infd.edu.ar\/sitio\/wp-json\/wp\/v2\/media?parent=840"}],"curies":[{"name":"wp","href":"https:\/\/api.w.org\/{rel}","templated":true}]}}